{"id":5951,"date":"2025-12-03T12:32:09","date_gmt":"2025-12-03T11:32:09","guid":{"rendered":"https:\/\/alsace-genealogie.com\/?post_type=product&#038;p=5951"},"modified":"2025-12-04T19:20:01","modified_gmt":"2025-12-04T18:20:01","slug":"genealogie-dalbert-schweitzer","status":"publish","type":"product","link":"https:\/\/alsace-genealogie.com\/?product=genealogie-dalbert-schweitzer","title":{"rendered":"G\u00e9n\u00e9alogie d&rsquo;Albert SCHWEITZER\u00a0\u00bb"},"content":{"rendered":"<div dir=\"auto\" style=\"text-align: center\"><strong>Une publication du CGA<\/strong><\/div>\n<div dir=\"auto\" style=\"text-align: center\"><strong>\u00ab\u00a0Albert Schweitzer comme vous ne l&rsquo;avez jamais lu !<\/strong><\/div>\n<div dir=\"auto\">Qui \u00e9taient ses anc\u00eatres, des paysans,<\/div>\n<div dir=\"auto\">des artisans, des nobles ?<\/div>\n<div dir=\"auto\">D&rsquo;o\u00f9 venaient-ils ?<\/div>\n<div dir=\"auto\">De Suisse comme son nom l&rsquo;indiquerait ?<\/div>\n<div dir=\"auto\">Vous d\u00e9couvrirez peut-\u00eatre dans son ascendance ou la descendance du premier Schweitzer arriv\u00e9 en Alsace, \u00e0 Boofzheim plus pr\u00e9cis\u00e9ment, que vous cousinez avec ce grand homme. Cousins anonymes ou cousins c\u00e9l\u00e8bres,<\/div>\n<div dir=\"auto\">Alsaciens ou partis faire fortune en Am\u00e9rique, vous partagez une goutte de sang du c\u00e9l\u00e8bre prix Nobel.\u00a0\u00bb<\/div>\n<div dir=\"auto\">Disponible au si\u00e8ge rue Schweighaueser, \u00e0 Strasbourg ou sur commande.<\/div>\n<div dir=\"auto\">Belle d\u00e9couverte !<\/div>\n","protected":false},"excerpt":{"rendered":"<p>Une publication du CGA \u00ab\u00a0Albert Schweitzer comme vous ne l&rsquo;avez jamais lu ! Qui \u00e9taient ses anc\u00eatres, des paysans, des artisans, des nobles ? D&rsquo;o\u00f9 venaient-ils ? De Suisse comme son nom l&rsquo;indiquerait ? Vous d\u00e9couvrirez peut-\u00eatre dans son ascendance ou la descendance du premier Schweitzer arriv\u00e9 en Alsace, \u00e0 Boofzheim plus pr\u00e9cis\u00e9ment, que vous [&hellip;]<\/p>\n","protected":false},"featured_media":5952,"template":"","meta":{"_acf_changed":false,"_et_pb_use_builder":"","_et_pb_old_content":"","_et_gb_content_width":"","inline_featured_image":false},"product_brand":[],"product_cat":[43],"product_tag":[],"class_list":{"0":"post-5951","1":"product","2":"type-product","3":"status-publish","4":"has-post-thumbnail","6":"product_cat-ouvrages","7":"product_shipping_class-ouvrages_cga_strasbourg","9":"first","10":"instock","11":"shipping-taxable","12":"purchasable","13":"product-type-simple"},"acf":[],"_links":{"self":[{"href":"https:\/\/alsace-genealogie.com\/index.php?rest_route=\/wp\/v2\/product\/5951","targetHints":{"allow":["GET"]}}],"collection":[{"href":"https:\/\/alsace-genealogie.com\/index.php?rest_route=\/wp\/v2\/product"}],"about":[{"href":"https:\/\/alsace-genealogie.com\/index.php?rest_route=\/wp\/v2\/types\/product"}],"wp:featuredmedia":[{"embeddable":true,"href":"https:\/\/alsace-genealogie.com\/index.php?rest_route=\/wp\/v2\/media\/5952"}],"wp:attachment":[{"href":"https:\/\/alsace-genealogie.com\/index.php?rest_route=%2Fwp%2Fv2%2Fmedia&parent=5951"}],"wp:term":[{"taxonomy":"product_brand","embeddable":true,"href":"https:\/\/alsace-genealogie.com\/index.php?rest_route=%2Fwp%2Fv2%2Fproduct_brand&post=5951"},{"taxonomy":"product_cat","embeddable":true,"href":"https:\/\/alsace-genealogie.com\/index.php?rest_route=%2Fwp%2Fv2%2Fproduct_cat&post=5951"},{"taxonomy":"product_tag","embeddable":true,"href":"https:\/\/alsace-genealogie.com\/index.php?rest_route=%2Fwp%2Fv2%2Fproduct_tag&post=5951"}],"curies":[{"name":"wp","href":"https:\/\/api.w.org\/{rel}","templated":true}]}}