{"id":479,"date":"2025-03-22T14:12:29","date_gmt":"2025-03-22T13:12:29","guid":{"rendered":"https:\/\/cga.dev.kneib.fr:7001\/?post_type=product&#038;p=479"},"modified":"2025-04-07T13:13:10","modified_gmt":"2025-04-07T11:13:10","slug":"adherent-cga-abonnement-france-doutre-mer","status":"publish","type":"product","link":"https:\/\/alsace-genealogie.com\/?product=adherent-cga-abonnement-france-doutre-mer","title":{"rendered":"Adh\u00e9sion au CGA + Abonnement (France d&rsquo;outre-mer)"},"content":{"rendered":"<p>Formule d&rsquo;adh\u00e9sion avec abonnement pour les personnes qui habitent dans un territoire ultra-marin fran\u00e7ais<\/p>\n","protected":false},"excerpt":{"rendered":"<p>Formule d&rsquo;adh\u00e9sion avec abonnement pour les personnes qui habitent dans un territoire ultra-marin fran\u00e7ais<\/p>\n","protected":false},"featured_media":3526,"template":"","meta":{"_acf_changed":false,"_et_pb_use_builder":"","_et_pb_old_content":"","_et_gb_content_width":"","inline_featured_image":false},"product_brand":[],"product_cat":[36,35,28],"product_tag":[],"class_list":{"0":"post-479","1":"product","2":"type-product","3":"status-publish","4":"has-post-thumbnail","6":"product_cat-adherents_bulletins","7":"product_cat-adherents_cga","8":"product_cat-membres","10":"first","11":"instock","12":"virtual","13":"sold-individually","14":"purchasable","15":"product-type-simple"},"acf":[],"_links":{"self":[{"href":"https:\/\/alsace-genealogie.com\/index.php?rest_route=\/wp\/v2\/product\/479","targetHints":{"allow":["GET"]}}],"collection":[{"href":"https:\/\/alsace-genealogie.com\/index.php?rest_route=\/wp\/v2\/product"}],"about":[{"href":"https:\/\/alsace-genealogie.com\/index.php?rest_route=\/wp\/v2\/types\/product"}],"wp:featuredmedia":[{"embeddable":true,"href":"https:\/\/alsace-genealogie.com\/index.php?rest_route=\/wp\/v2\/media\/3526"}],"wp:attachment":[{"href":"https:\/\/alsace-genealogie.com\/index.php?rest_route=%2Fwp%2Fv2%2Fmedia&parent=479"}],"wp:term":[{"taxonomy":"product_brand","embeddable":true,"href":"https:\/\/alsace-genealogie.com\/index.php?rest_route=%2Fwp%2Fv2%2Fproduct_brand&post=479"},{"taxonomy":"product_cat","embeddable":true,"href":"https:\/\/alsace-genealogie.com\/index.php?rest_route=%2Fwp%2Fv2%2Fproduct_cat&post=479"},{"taxonomy":"product_tag","embeddable":true,"href":"https:\/\/alsace-genealogie.com\/index.php?rest_route=%2Fwp%2Fv2%2Fproduct_tag&post=479"}],"curies":[{"name":"wp","href":"https:\/\/api.w.org\/{rel}","templated":true}]}}