{"id":3366,"date":"2025-01-28T22:57:13","date_gmt":"2025-01-28T21:57:13","guid":{"rendered":"https:\/\/cga.dev.kneib.fr:7001\/?product=bulletin-du-cercle-genealogique-dalsace-n226"},"modified":"2025-02-04T15:56:05","modified_gmt":"2025-02-04T14:56:05","slug":"bulletin-du-cercle-genealogique-dalsace-n226","status":"publish","type":"product","link":"https:\/\/alsace-genealogie.com\/?product=bulletin-du-cercle-genealogique-dalsace-n226","title":{"rendered":"Bulletin du Cercle G\u00e9n\u00e9alogique d&rsquo;Alsace n\u00b0226"},"content":{"rendered":"<p><strong>Articles<br \/>\n<\/strong><em>1924-2024\u00a0: les Alsaciens et les Jeux Olympiques<\/em><br \/>\n&#8211; Bl. Duchatel, Les Alsaciens m\u00e9daill\u00e9s olympiques en 1924, p. 578 \u2013 584<br \/>\n&#8211; M. Schoebel, Les Schoebel : une famille de sportifs aux racines alsaciennes, p. 585 &#8211; 586<br \/>\n&#8211; M. Ittel, Fr. R\u00e9v\u00e9rend et Chr. Wolff, L\u2019ascendance de Mme de Coubertin, p. 587 &#8211; 589<br \/>\n&#8211; C. Matter, Heschung : des chaussures de ski olympiques, p. 590 &#8211; 592<br \/>\n<em>F\u00eate de la Musique\u00a0:<\/em><br \/>\n&#8211; J.-M. Klipfel, L\u2019ascendance maternelle de Jean-Georges Paulus, chef de musique de la Garde de Paris, p. 593 &#8211; 594<br \/>\n&#8211; B. Schirl\u00e9, Une lign\u00e9e de musiciens : les Sellenick (1787-1893), p. 595 &#8211; 596<br \/>\nB\u00e9n\u00e9 et C. Matter, M\u00e9t\u00e9or : du houblon au raisin, p. 597 &#8211; 603<\/p>\n<p><strong>Sources et recherches<br \/>\n<\/strong>Chr. Wolff, Notes g\u00e9n\u00e9alogiques tir\u00e9es du notariat de Strasbourg et quelques autres sources du XVI<sup>e<\/sup>\u00a0si\u00e8cle (2<sup>e<\/sup> s\u00e9rie, XXXVI, THEUS &#8211; VELTIN), p. 604 &#8211; 611<br \/>\nSpahn, Relev\u00e9 des Alsaciens en route pour la Guyane (1763-1767), VI, p. 612 &#8211; 619<br \/>\nRies, Relev\u00e9 des bapt\u00eames de la paroisse de Thannenkirh (1802-1803), p. 620 &#8211; 621<\/p>\n<p><strong>Notes de lecture<br \/>\n<\/strong><em>Alsaciens hors d&rsquo;Alsace\u00a0:<\/em><br \/>\n&#8211; Pont-l\u2019Abb\u00e9-d\u2019Arnoult (Charente-Maritime &#8211; 17), p. 622<br \/>\n&#8211; R. Schmidt : Les Alsaciens dans les registres de Diesse (CH-BE),\u00a0 p. 622<br \/>\nL\u2019ascendance Alsacienne de Gabriel Attal,\u00a0 p. 623 &#8211; 624<\/p>\n<p><strong>Courrier des lecteurs<br \/>\n<\/strong><em>Compl\u00e9ments d\u2019articles ant\u00e9rieurs\u00a0:<\/em><br \/>\n&#8211; Fr. R\u00e9v\u00e9rend et Chr. Wolff, Les grandes familles mulhousiennes, montb\u00e9liardaises et b\u00e2loises de l\u2019ascendance Piccard-Friedel, p. 625<br \/>\n&#8211; S. Meyer, Bapt\u00eame de tripl\u00e9es \u00e0 Stotzheim le 19 juin 1756, p. 625<br \/>\n&#8211; P. Ludwig, L. Adoneth, J-L. Muller, D. Winum, L\u2019ascendance Alsacienne de Marcel Weinum, p. 625 &#8211; 626<br \/>\n<em>La Page d\u2019\u00e9criture :<\/em><br \/>\n&#8211; Un accident du travail rural \u00e0 Surbourg en 1674, p. 627<\/p>\n<p><strong>Activit\u00e9s du Cercle<br \/>\n<\/strong>In Memoriam ; Le Bulletin ; Bilan du Salon de Ch\u00e2tenois ; mise en place de la biblioth\u00e8que de la section de S\u00e9lestat ; Sortie de la section IDF ; Sortie de Printemps aux AVES ; Remise de documents d\u2019archives aux AD68 ; nouvelles publications du CGA, p. 628 &#8211; 633<br \/>\nBiblioth\u00e8que et bibliographie, p. 634 &#8211; 637<\/p>\n<p><strong>Service d\u2019entraide<br \/>\n<\/strong>Questions, r\u00e9ponses, p. 638 &#8211; 639<\/p>\n","protected":false},"excerpt":{"rendered":"<p>Articles 1924-2024\u00a0: les Alsaciens et les Jeux Olympiques &#8211; Bl. Duchatel, Les Alsaciens m\u00e9daill\u00e9s olympiques en 1924, p. 578 \u2013 584 &#8211; M. Schoebel, Les Schoebel : une famille de sportifs aux racines alsaciennes, p. 585 &#8211; 586 &#8211; M. Ittel, Fr. R\u00e9v\u00e9rend et Chr. Wolff, L\u2019ascendance de Mme de Coubertin, p. 587 &#8211; 589 [&hellip;]<\/p>\n","protected":false},"featured_media":3723,"template":"","meta":{"_acf_changed":false,"_et_pb_use_builder":"","_et_pb_old_content":"","_et_gb_content_width":"","inline_featured_image":false},"product_brand":[],"product_cat":[46,43],"product_tag":[],"class_list":{"0":"post-3366","1":"product","2":"type-product","3":"status-publish","4":"has-post-thumbnail","6":"product_cat-bulletins_cga","7":"product_cat-ouvrages","9":"first","10":"instock","11":"shipping-taxable","12":"purchasable","13":"product-type-variable"},"acf":[],"_links":{"self":[{"href":"https:\/\/alsace-genealogie.com\/index.php?rest_route=\/wp\/v2\/product\/3366","targetHints":{"allow":["GET"]}}],"collection":[{"href":"https:\/\/alsace-genealogie.com\/index.php?rest_route=\/wp\/v2\/product"}],"about":[{"href":"https:\/\/alsace-genealogie.com\/index.php?rest_route=\/wp\/v2\/types\/product"}],"wp:featuredmedia":[{"embeddable":true,"href":"https:\/\/alsace-genealogie.com\/index.php?rest_route=\/wp\/v2\/media\/3723"}],"wp:attachment":[{"href":"https:\/\/alsace-genealogie.com\/index.php?rest_route=%2Fwp%2Fv2%2Fmedia&parent=3366"}],"wp:term":[{"taxonomy":"product_brand","embeddable":true,"href":"https:\/\/alsace-genealogie.com\/index.php?rest_route=%2Fwp%2Fv2%2Fproduct_brand&post=3366"},{"taxonomy":"product_cat","embeddable":true,"href":"https:\/\/alsace-genealogie.com\/index.php?rest_route=%2Fwp%2Fv2%2Fproduct_cat&post=3366"},{"taxonomy":"product_tag","embeddable":true,"href":"https:\/\/alsace-genealogie.com\/index.php?rest_route=%2Fwp%2Fv2%2Fproduct_tag&post=3366"}],"curies":[{"name":"wp","href":"https:\/\/api.w.org\/{rel}","templated":true}]}}