{"id":2256,"date":"2025-01-22T11:53:51","date_gmt":"2025-01-22T10:53:51","guid":{"rendered":"https:\/\/cga.dev.kneib.fr:7001\/?product=notariat-dartolsheim-inventaires"},"modified":"2025-03-17T10:33:09","modified_gmt":"2025-03-17T09:33:09","slug":"notariat-dartolsheim-inventaires","status":"publish","type":"product","link":"https:\/\/alsace-genealogie.com\/?product=notariat-dartolsheim-inventaires","title":{"rendered":"Notariat d&rsquo;Artolsheim : Inventaires"},"content":{"rendered":"<p>Notariat Ancien de Muttersholtz, Inventaires apr\u00e8s d\u00e9c\u00e8s d&rsquo;Artolsheim<br \/>\n6 E 27\/14 (1719-1747)<br \/>\n6 E 27\/15 (1748-1760)<br \/>\n6 E 27\/16 (1761-1774)<br \/>\n6 E 27\/17 (1775-1790)<\/p>\n","protected":false},"excerpt":{"rendered":"<p>Notariat Ancien de Muttersholtz, Inventaires apr\u00e8s d\u00e9c\u00e8s d&rsquo;Artolsheim 6 E 27\/14 (1719-1747) 6 E 27\/15 (1748-1760) 6 E 27\/16 (1761-1774) 6 E 27\/17 (1775-1790)<\/p>\n","protected":false},"featured_media":4226,"template":"","meta":{"_acf_changed":false,"_et_pb_use_builder":"","_et_pb_old_content":"","_et_gb_content_width":"","inline_featured_image":false},"product_brand":[],"product_cat":[43],"product_tag":[],"class_list":{"0":"post-2256","1":"product","2":"type-product","3":"status-publish","4":"has-post-thumbnail","6":"product_cat-ouvrages","8":"first","9":"onbackorder","10":"shipping-taxable","11":"purchasable","12":"product-type-variable","13":"has-default-attributes"},"acf":[],"_links":{"self":[{"href":"https:\/\/alsace-genealogie.com\/index.php?rest_route=\/wp\/v2\/product\/2256","targetHints":{"allow":["GET"]}}],"collection":[{"href":"https:\/\/alsace-genealogie.com\/index.php?rest_route=\/wp\/v2\/product"}],"about":[{"href":"https:\/\/alsace-genealogie.com\/index.php?rest_route=\/wp\/v2\/types\/product"}],"wp:featuredmedia":[{"embeddable":true,"href":"https:\/\/alsace-genealogie.com\/index.php?rest_route=\/wp\/v2\/media\/4226"}],"wp:attachment":[{"href":"https:\/\/alsace-genealogie.com\/index.php?rest_route=%2Fwp%2Fv2%2Fmedia&parent=2256"}],"wp:term":[{"taxonomy":"product_brand","embeddable":true,"href":"https:\/\/alsace-genealogie.com\/index.php?rest_route=%2Fwp%2Fv2%2Fproduct_brand&post=2256"},{"taxonomy":"product_cat","embeddable":true,"href":"https:\/\/alsace-genealogie.com\/index.php?rest_route=%2Fwp%2Fv2%2Fproduct_cat&post=2256"},{"taxonomy":"product_tag","embeddable":true,"href":"https:\/\/alsace-genealogie.com\/index.php?rest_route=%2Fwp%2Fv2%2Fproduct_tag&post=2256"}],"curies":[{"name":"wp","href":"https:\/\/api.w.org\/{rel}","templated":true}]}}