{"id":1162,"date":"2024-11-18T12:17:25","date_gmt":"2024-11-18T11:17:25","guid":{"rendered":"https:\/\/cga.dev.kneib.fr:7001\/?post_type=product&#038;p=1162"},"modified":"2024-11-18T12:24:34","modified_gmt":"2024-11-18T11:24:34","slug":"adherent-cga-rattache-via-adhesion-couple","status":"publish","type":"product","link":"https:\/\/alsace-genealogie.com\/?product=adherent-cga-rattache-via-adhesion-couple","title":{"rendered":"Adh\u00e9rent CGA (rattach\u00e9 via adh\u00e9sion couple)"},"content":{"rendered":"<p>Adh\u00e9sion destin\u00e9e aux membres de la CGA, ouvrant l&rsquo;acc\u00e8s aux bases de donn\u00e9es pour l&rsquo;ann\u00e9e civile en cours.<\/p>\n","protected":false},"excerpt":{"rendered":"<p>Adh\u00e9sion destin\u00e9e aux membres de la CGA, ouvrant l&rsquo;acc\u00e8s aux bases de donn\u00e9es pour l&rsquo;ann\u00e9e civile en cours.<\/p>\n","protected":false},"featured_media":597,"template":"","meta":{"_acf_changed":false,"_et_pb_use_builder":"","_et_pb_old_content":"","_et_gb_content_width":"","inline_featured_image":false},"product_brand":[],"product_cat":[35,28],"product_tag":[],"class_list":{"0":"post-1162","1":"product","2":"type-product","3":"status-publish","4":"has-post-thumbnail","6":"product_cat-adherents_cga","7":"product_cat-membres","9":"first","10":"outofstock","11":"virtual","12":"sold-individually","13":"purchasable","14":"product-type-simple"},"acf":[],"_links":{"self":[{"href":"https:\/\/alsace-genealogie.com\/index.php?rest_route=\/wp\/v2\/product\/1162","targetHints":{"allow":["GET"]}}],"collection":[{"href":"https:\/\/alsace-genealogie.com\/index.php?rest_route=\/wp\/v2\/product"}],"about":[{"href":"https:\/\/alsace-genealogie.com\/index.php?rest_route=\/wp\/v2\/types\/product"}],"wp:featuredmedia":[{"embeddable":true,"href":"https:\/\/alsace-genealogie.com\/index.php?rest_route=\/wp\/v2\/media\/597"}],"wp:attachment":[{"href":"https:\/\/alsace-genealogie.com\/index.php?rest_route=%2Fwp%2Fv2%2Fmedia&parent=1162"}],"wp:term":[{"taxonomy":"product_brand","embeddable":true,"href":"https:\/\/alsace-genealogie.com\/index.php?rest_route=%2Fwp%2Fv2%2Fproduct_brand&post=1162"},{"taxonomy":"product_cat","embeddable":true,"href":"https:\/\/alsace-genealogie.com\/index.php?rest_route=%2Fwp%2Fv2%2Fproduct_cat&post=1162"},{"taxonomy":"product_tag","embeddable":true,"href":"https:\/\/alsace-genealogie.com\/index.php?rest_route=%2Fwp%2Fv2%2Fproduct_tag&post=1162"}],"curies":[{"name":"wp","href":"https:\/\/api.w.org\/{rel}","templated":true}]}}